{"id":2,"date":"2012-06-13T12:19:51","date_gmt":"2012-06-13T12:19:51","guid":{"rendered":"http:\/\/hovis.cz\/?page_id=2"},"modified":"2013-02-11T09:44:28","modified_gmt":"2013-02-11T08:44:28","slug":"zkusebni-stranka","status":"publish","type":"page","link":"http:\/\/hovis.cz\/?page_id=2","title":{"rendered":"zku\u0161enosti &#8211; Android"},"content":{"rendered":"<p>P\u0159e\u0161el jsem z klasick\u00e9ho tla\u010d\u00edtkov\u00e9ho telefonu na dotykov\u00fd smartphone (chytr\u00fd telefon). No a zde nap\u00ed\u0161u p\u00e1r post\u0159eh\u016f:<\/p>\n<p>&nbsp;<\/p>\n<p>p\u0159ipravuji \u010dl\u00e1nek<\/p>\n<p>&nbsp;<\/p>\n","protected":false},"excerpt":{"rendered":"<p>P\u0159e\u0161el jsem z klasick\u00e9ho tla\u010d\u00edtkov\u00e9ho telefonu na dotykov\u00fd smartphone (chytr\u00fd telefon). No a zde nap\u00ed\u0161u p\u00e1r post\u0159eh\u016f: &nbsp; p\u0159ipravuji \u010dl\u00e1nek &nbsp;<\/p>\n","protected":false},"author":1,"featured_media":0,"parent":0,"menu_order":0,"comment_status":"closed","ping_status":"open","template":"","meta":[],"_links":{"self":[{"href":"http:\/\/hovis.cz\/index.php?rest_route=\/wp\/v2\/pages\/2"}],"collection":[{"href":"http:\/\/hovis.cz\/index.php?rest_route=\/wp\/v2\/pages"}],"about":[{"href":"http:\/\/hovis.cz\/index.php?rest_route=\/wp\/v2\/types\/page"}],"author":[{"embeddable":true,"href":"http:\/\/hovis.cz\/index.php?rest_route=\/wp\/v2\/users\/1"}],"replies":[{"embeddable":true,"href":"http:\/\/hovis.cz\/index.php?rest_route=%2Fwp%2Fv2%2Fcomments&post=2"}],"version-history":[{"count":5,"href":"http:\/\/hovis.cz\/index.php?rest_route=\/wp\/v2\/pages\/2\/revisions"}],"predecessor-version":[{"id":10,"href":"http:\/\/hovis.cz\/index.php?rest_route=\/wp\/v2\/pages\/2\/revisions\/10"}],"wp:attachment":[{"href":"http:\/\/hovis.cz\/index.php?rest_route=%2Fwp%2Fv2%2Fmedia&parent=2"}],"curies":[{"name":"wp","href":"https:\/\/api.w.org\/{rel}","templated":true}]}}