{"id":105,"date":"2017-04-15T14:30:58","date_gmt":"2017-04-15T12:30:58","guid":{"rendered":"http:\/\/hovis.cz\/?page_id=105"},"modified":"2017-11-03T20:28:51","modified_gmt":"2017-11-03T19:28:51","slug":"stavba-rd","status":"publish","type":"page","link":"http:\/\/hovis.cz\/?page_id=105","title":{"rendered":"stavba RD"},"content":{"rendered":"<p>Stavba rodinn\u00e9ho domu sv\u00e9pomoc\u00ed.<\/p>\n<p>Kv\u016fli jednoduchosti jsme si vybrali \u010dtvercov\u00fd nepodsklepen\u00fd bungalov bez podkrov\u00ed.<\/p>\n<p>A jak jsme tedy postupovali?<\/p>\n<p>&#8230;&#8230;&#8230;&#8230;.<\/p>\n<span style=\"color:blue; font-weight:bold; \">[WPPA+ Photo display (fsh)]<\/span>\n<p>&nbsp;<\/p>\n<p>Odkazy, co se mi te\u010f hod\u00ed:<br \/>\n<strong>voda:<\/strong><br \/>\np\u0159ehled druh\u016f trubek &#8211; <a href=\"https:\/\/www.bydleni.cz\/zprava\/Trubky-pro-rozvody-plynu-vody-i-topeni\">zde<\/a><br \/>\ndoporu\u010den\u00e9 v\u00fd\u0161ky za\u0159izovac\u00edch p\u0159edm\u011bt\u016f &#8211; <a href=\"http:\/\/instalaterina.cz\/pomucky\/doporucene-vysky-zarizovacich-predmetu\/\">zde<\/a><br \/>\nasi nejlep\u0161\u00ed PPR &#8211; Fiber Basault plus &#8211; <a href=\"http:\/\/basalt.ekoplastik.com\/fiber-basalt-plus.aspx?lang=CZ\">zde<\/a><br \/>\nop\u011bt PPR srovn\u00e1n\u00ed (od Wavin) &#8211; <a href=\"http:\/\/cz.wavin.com\/web\/reseni\/pitna-voda-1\/vnitrni-instalace-1.htm\">zde<\/a><br \/>\n<strong>Elektro:<\/strong><br \/>\n<a href=\"http:\/\/elektrika.cz\/data\/clanky\/podle-jakych-pravidel-se-v-bytech-voli-zony-pro-umisteni-vodicu-v-bytech\">instala\u010dn\u00ed z\u00f3ny<\/a><br \/>\n<a href=\"http:\/\/tzb.fsv.cvut.cz\/vyucujici\/73\/elektroinstalace.pdf?TZB=f1203927ec0f127ede5744279a331cac\">op\u011bt z\u00f3ny<\/a><\/p>\n","protected":false},"excerpt":{"rendered":"<p>Stavba rodinn\u00e9ho domu sv\u00e9pomoc\u00ed. Kv\u016fli jednoduchosti jsme si vybrali \u010dtvercov\u00fd nepodsklepen\u00fd bungalov bez podkrov\u00ed. A jak jsme tedy postupovali? &#8230;&#8230;&#8230;&#8230;. &nbsp; Odkazy, co se mi te\u010f hod\u00ed: voda: p\u0159ehled druh\u016f trubek &#8211; zde doporu\u010den\u00e9 v\u00fd\u0161ky za\u0159izovac\u00edch p\u0159edm\u011bt\u016f &#8211; zde asi nejlep\u0161\u00ed PPR &#8211; Fiber Basault plus &#8211; zde op\u011bt PPR srovn\u00e1n\u00ed (od Wavin) &#8211; zde [&hellip;]<\/p>\n","protected":false},"author":1,"featured_media":0,"parent":0,"menu_order":0,"comment_status":"closed","ping_status":"closed","template":"","meta":[],"_links":{"self":[{"href":"http:\/\/hovis.cz\/index.php?rest_route=\/wp\/v2\/pages\/105"}],"collection":[{"href":"http:\/\/hovis.cz\/index.php?rest_route=\/wp\/v2\/pages"}],"about":[{"href":"http:\/\/hovis.cz\/index.php?rest_route=\/wp\/v2\/types\/page"}],"author":[{"embeddable":true,"href":"http:\/\/hovis.cz\/index.php?rest_route=\/wp\/v2\/users\/1"}],"replies":[{"embeddable":true,"href":"http:\/\/hovis.cz\/index.php?rest_route=%2Fwp%2Fv2%2Fcomments&post=105"}],"version-history":[{"count":10,"href":"http:\/\/hovis.cz\/index.php?rest_route=\/wp\/v2\/pages\/105\/revisions"}],"predecessor-version":[{"id":107,"href":"http:\/\/hovis.cz\/index.php?rest_route=\/wp\/v2\/pages\/105\/revisions\/107"}],"wp:attachment":[{"href":"http:\/\/hovis.cz\/index.php?rest_route=%2Fwp%2Fv2%2Fmedia&parent=105"}],"curies":[{"name":"wp","href":"https:\/\/api.w.org\/{rel}","templated":true}]}}